{"id":49733,"date":"2024-10-22T00:21:01","date_gmt":"2024-10-22T00:21:01","guid":{"rendered":"https:\/\/tacc.phil-lab.ca\/cookie-policy\/"},"modified":"2024-11-06T23:13:45","modified_gmt":"2024-11-06T23:13:45","slug":"politique-des-temoins","status":"publish","type":"page","link":"https:\/\/cannrt.ca\/fr\/politique-des-temoins\/","title":{"rendered":"Politique des t\u00e9moins"},"content":{"rendered":"\t\t<div data-elementor-type=\"wp-page\" data-elementor-id=\"49733\" class=\"elementor elementor-49733 elementor-49725\" data-elementor-post-type=\"page\">\n\t\t\t\t<div class=\"elementor-element elementor-element-a42f4c5 e-flex e-con-boxed wpr-particle-no wpr-jarallax-no wpr-parallax-no wpr-sticky-section-no e-con e-parent\" data-id=\"a42f4c5\" data-element_type=\"container\" data-e-type=\"container\" data-settings=\"{&quot;background_background&quot;:&quot;classic&quot;}\">\n\t\t\t\t\t<div class=\"e-con-inner\">\n\t\t\t\t<div class=\"elementor-element elementor-element-12da334 elementor-widget__width-initial elementor-invisible elementor-widget elementor-widget-heading\" data-id=\"12da334\" data-element_type=\"widget\" data-e-type=\"widget\" data-settings=\"{&quot;_animation&quot;:&quot;fadeIn&quot;,&quot;_animation_delay&quot;:200}\" data-widget_type=\"heading.default\">\n\t\t\t\t<div class=\"elementor-widget-container\">\n\t\t\t\t\t<h1 class=\"elementor-heading-title elementor-size-default\">Politique des t\u00e9moins<\/h1>\t\t\t\t<\/div>\n\t\t\t\t<\/div>\n\t\t<div class=\"elementor-element elementor-element-7787cf2 e-con-full e-flex wpr-particle-no wpr-jarallax-no wpr-parallax-no wpr-sticky-section-no elementor-invisible e-con e-child\" data-id=\"7787cf2\" data-element_type=\"container\" data-e-type=\"container\" data-settings=\"{&quot;animation&quot;:&quot;fadeIn&quot;,&quot;animation_delay&quot;:400}\">\n\t\t\t\t<div class=\"elementor-element elementor-element-661b372 elementor-widget elementor-widget-button\" data-id=\"661b372\" data-element_type=\"widget\" data-e-type=\"widget\" data-widget_type=\"button.default\">\n\t\t\t\t<div class=\"elementor-widget-container\">\n\t\t\t\t\t\t\t\t\t<div class=\"elementor-button-wrapper\">\n\t\t\t\t\t<a class=\"elementor-button elementor-button-link elementor-size-sm\" href=\"\/fr\">\n\t\t\t\t\t\t<span class=\"elementor-button-content-wrapper\">\n\t\t\t\t\t\t\t\t\t<span class=\"elementor-button-text\">Accueil<\/span>\n\t\t\t\t\t<\/span>\n\t\t\t\t\t<\/a>\n\t\t\t\t<\/div>\n\t\t\t\t\t\t\t\t<\/div>\n\t\t\t\t<\/div>\n\t\t\t\t<div class=\"elementor-element elementor-element-5fc8304 elementor-widget elementor-widget-button\" data-id=\"5fc8304\" data-element_type=\"widget\" data-e-type=\"widget\" data-widget_type=\"button.default\">\n\t\t\t\t<div class=\"elementor-widget-container\">\n\t\t\t\t\t\t\t\t\t<div class=\"elementor-button-wrapper\">\n\t\t\t\t\t<a class=\"elementor-button elementor-button-link elementor-size-sm\" href=\"#\">\n\t\t\t\t\t\t<span class=\"elementor-button-content-wrapper\">\n\t\t\t\t\t\t<span class=\"elementor-button-icon\">\n\t\t\t\t<svg xmlns=\"http:\/\/www.w3.org\/2000\/svg\" width=\"16\" height=\"14\" viewBox=\"0 0 16 14\" fill=\"none\"><path d=\"M0.500063 6L12.0861 6L7.58606 1.5L9.00006 0.0859982L15.9141 7L9.00006 13.914L7.58606 12.5L12.0861 8L0.500063 8L0.500063 6Z\" fill=\"white\"><\/path><\/svg>\t\t\t<\/span>\n\t\t\t\t\t\t\t\t<\/span>\n\t\t\t\t\t<\/a>\n\t\t\t\t<\/div>\n\t\t\t\t\t\t\t\t<\/div>\n\t\t\t\t<\/div>\n\t\t\t\t<div class=\"elementor-element elementor-element-80aab97 elementor-widget elementor-widget-button\" data-id=\"80aab97\" data-element_type=\"widget\" data-e-type=\"widget\" data-widget_type=\"button.default\">\n\t\t\t\t<div class=\"elementor-widget-container\">\n\t\t\t\t\t\t\t\t\t<div class=\"elementor-button-wrapper\">\n\t\t\t\t\t<a class=\"elementor-button elementor-button-link elementor-size-sm\" href=\"#\">\n\t\t\t\t\t\t<span class=\"elementor-button-content-wrapper\">\n\t\t\t\t\t\t\t\t\t<span class=\"elementor-button-text\">Politique des t\u00e9moins<\/span>\n\t\t\t\t\t<\/span>\n\t\t\t\t\t<\/a>\n\t\t\t\t<\/div>\n\t\t\t\t\t\t\t\t<\/div>\n\t\t\t\t<\/div>\n\t\t\t\t<\/div>\n\t\t\t\t<div class=\"elementor-element elementor-element-adf0cb0 elementor-absolute elementor-invisible elementor-widget elementor-widget-image\" data-id=\"adf0cb0\" data-element_type=\"widget\" data-e-type=\"widget\" data-settings=\"{&quot;_position&quot;:&quot;absolute&quot;,&quot;_animation&quot;:&quot;fadeInRight&quot;,&quot;_animation_delay&quot;:600}\" data-widget_type=\"image.default\">\n\t\t\t\t<div class=\"elementor-widget-container\">\n\t\t\t\t\t\t\t\t\t\t\t\t\t\t\t<img fetchpriority=\"high\" decoding=\"async\" width=\"886\" height=\"1263\" src=\"https:\/\/cannrt.ca\/wp-content\/uploads\/icon_cannrt_cropped.png\" class=\"attachment-full size-full wp-image-49140\" alt=\"\" srcset=\"https:\/\/cannrt.ca\/wp-content\/uploads\/icon_cannrt_cropped.png 886w, https:\/\/cannrt.ca\/wp-content\/uploads\/icon_cannrt_cropped-210x300.png 210w, https:\/\/cannrt.ca\/wp-content\/uploads\/icon_cannrt_cropped-718x1024.png 718w, https:\/\/cannrt.ca\/wp-content\/uploads\/icon_cannrt_cropped-768x1095.png 768w\" sizes=\"(max-width: 886px) 100vw, 886px\" \/>\t\t\t\t\t\t\t\t\t\t\t\t\t\t\t<\/div>\n\t\t\t\t<\/div>\n\t\t\t\t\t<\/div>\n\t\t\t\t<\/div>\n\t\t<div class=\"elementor-element elementor-element-dc7b7b9 e-flex e-con-boxed wpr-particle-no wpr-jarallax-no wpr-parallax-no wpr-sticky-section-no e-con e-parent\" data-id=\"dc7b7b9\" data-element_type=\"container\" data-e-type=\"container\">\n\t\t\t\t\t<div class=\"e-con-inner\">\n\t\t\t\t<div class=\"elementor-element elementor-element-d4f344e elementor-widget elementor-widget-text-editor\" data-id=\"d4f344e\" data-element_type=\"widget\" data-e-type=\"widget\" data-widget_type=\"text-editor.default\">\n\t\t\t\t<div class=\"elementor-widget-container\">\n\t\t\t\t\t\t\t\t\t<p><span style=\"font-weight: 400;\">Afin de rendre ses services plus performants, d\u2019am\u00e9liorer l\u2019exp\u00e9rience utilisateur et la mani\u00e8re dont les contenus vous sont pr\u00e9sent\u00e9s, nous analysons la fa\u00e7on dont <\/span><a href=\"https:\/\/www.cannrt.ca\/fr\"><i><span style=\"font-weight: 400;\">https:\/\/www.cannrt.ca\/fr<\/span><\/i><\/a><span style=\"font-weight: 400;\"> est utilis\u00e9 gr\u00e2ce \u00e0 des t\u00e9moins.<\/span><\/p><p><b>Qu\u2019est-ce qu\u2019un t\u00e9moin?<\/b><\/p><p><span style=\"font-weight: 400;\">Un t\u00e9moin est un fichier texte stock\u00e9 par votre navigateur lors de votre visite. Il permet de vous reconna\u00eetre \u00e0 chaque visite, de vous garder connect\u00e9\u00b7e, et de vous faire profiter de toutes les fonctionnalit\u00e9s du site.<\/span><\/p><p><span style=\"font-weight: 400;\">Les t\u00e9moins ne contiennent que quelques caract\u00e8res de texte non nominatifs stock\u00e9s dans votre navigateur, et ne sont pas des fichiers ex\u00e9cutables : ils ne peuvent pas h\u00e9berger de logiciels malveillants ni de virus.<\/span><\/p><p><span style=\"font-weight: 400;\">De plus, <\/span><i><span style=\"font-weight: 400;\">CanFRN<\/span><\/i><span style=\"font-weight: 400;\"> n\u2019affiche aucune publicit\u00e9, et ne proc\u00e8de \u00e0 aucun suivi publicitaire, de la part d\u2019un tiers ou d\u2019un r\u00e9seau social.<\/span><\/p><p><span style=\"font-weight: 400;\">Nous utilisons des t\u00e9moins uniquement dans le but d\u2019am\u00e9liorer l\u2019exp\u00e9rience utilisateur et la mani\u00e8re dont les contenus vous sont pr\u00e9sent\u00e9s, en analysant la mani\u00e8re dont vous utilisez notre site de page en page, et ce gr\u00e2ce \u00e0 Fathom.<\/span><\/p><p><b>G\u00e9rer les t\u00e9moins dans mon navigateur<\/b><\/p><p><span style=\"font-weight: 400;\">Quel que soit votre navigateur, vous pouvez y param\u00e9trer l\u2019utilisation des t\u00e9moins, les supprimer ou les refuser tous par d\u00e9faut.<\/span><\/p><p><b>T\u00e9moins n\u00e9cessaires<\/b><\/p><p><span style=\"font-weight: 400;\">Les t\u00e9moins n\u00e9cessaires sont cruciaux pour les fonctions de base du site web et celui-ci ne fonctionnera pas comme pr\u00e9vu sans eux. Ces t\u00e9moins ne stockent aucune donn\u00e9e personnelle identifiable.<\/span><\/p><p><b>T\u00e9moins fonctionnels<\/b><\/p><p><span style=\"font-weight: 400;\">Les t\u00e9moins fonctionnels permettent d\u2019ex\u00e9cuter certaines fonctionnalit\u00e9s telles que le partage du contenu du site web sur des plateformes de m\u00e9dias sociaux, la collecte de commentaires et d\u2019autres fonctionnalit\u00e9s tierces.<\/span><\/p><p><b>T\u00e9moins analytiques<\/b><\/p><p><span style=\"font-weight: 400;\">Les t\u00e9moins analytiques sont utilis\u00e9s pour comprendre comment les visiteurs interagissent avec le site web. Ces t\u00e9moins aident \u00e0 fournir des informations sur le nombre de visiteurs, le taux de rebond, la source de trafic, etc.<\/span><\/p><p><b>T\u00e9moins de performance<\/b><\/p><p><span style=\"font-weight: 400;\">Les t\u00e9moins de performance sont utilis\u00e9s pour comprendre et analyser les indices de performance cl\u00e9s du site web, ce qui permet de fournir une meilleure exp\u00e9rience utilisateur aux visiteurs.<\/span><\/p>\t\t\t\t\t\t\t\t<\/div>\n\t\t\t\t<\/div>\n\t\t\t\t\t<\/div>\n\t\t\t\t<\/div>\n\t\t\t\t<\/div>\n\t\t","protected":false},"excerpt":{"rendered":"<p>Politique des t\u00e9moins Accueil Politique des t\u00e9moins Afin de rendre ses services plus performants, d\u2019am\u00e9liorer l\u2019exp\u00e9rience utilisateur et la mani\u00e8re dont les contenus vous sont pr\u00e9sent\u00e9s, nous analysons la fa\u00e7on dont https:\/\/www.cannrt.ca\/fr est utilis\u00e9 gr\u00e2ce \u00e0 des t\u00e9moins. Qu\u2019est-ce qu\u2019un t\u00e9moin? Un t\u00e9moin est un fichier texte stock\u00e9 par votre navigateur lors de votre visite. Il permet de vous reconna\u00eetre \u00e0 chaque visite, de vous garder connect\u00e9\u00b7e, et de vous faire profiter de toutes les fonctionnalit\u00e9s du site. Les t\u00e9moins ne contiennent que quelques caract\u00e8res de texte non nominatifs stock\u00e9s dans votre navigateur, et ne sont pas des fichiers ex\u00e9cutables : ils ne peuvent pas h\u00e9berger de logiciels malveillants ni de virus. De plus, CanFRN n\u2019affiche aucune publicit\u00e9, et ne proc\u00e8de \u00e0 aucun suivi publicitaire, de la part d\u2019un tiers ou d\u2019un r\u00e9seau social. Nous utilisons des t\u00e9moins uniquement dans le but d\u2019am\u00e9liorer l\u2019exp\u00e9rience utilisateur et la mani\u00e8re dont les contenus vous sont pr\u00e9sent\u00e9s, en analysant la mani\u00e8re dont vous utilisez notre site de page en page, et ce gr\u00e2ce \u00e0 Fathom. G\u00e9rer les t\u00e9moins dans mon navigateur Quel que soit votre navigateur, vous pouvez y param\u00e9trer l\u2019utilisation des t\u00e9moins, les supprimer ou les refuser tous par d\u00e9faut. T\u00e9moins n\u00e9cessaires Les t\u00e9moins n\u00e9cessaires sont cruciaux pour les fonctions de base du site web et celui-ci ne fonctionnera pas comme pr\u00e9vu sans eux. Ces t\u00e9moins ne stockent aucune donn\u00e9e personnelle identifiable. T\u00e9moins fonctionnels Les t\u00e9moins fonctionnels permettent d\u2019ex\u00e9cuter certaines fonctionnalit\u00e9s telles que le partage du contenu du site web sur des plateformes de m\u00e9dias sociaux, la collecte de commentaires et d\u2019autres fonctionnalit\u00e9s tierces. T\u00e9moins analytiques Les t\u00e9moins analytiques sont utilis\u00e9s pour comprendre comment les visiteurs interagissent avec le site web. Ces t\u00e9moins aident \u00e0 fournir des informations sur le nombre de visiteurs, le taux de rebond, la source de trafic, etc. T\u00e9moins de performance Les t\u00e9moins de performance sont utilis\u00e9s pour comprendre et analyser les indices de performance cl\u00e9s du site web, ce qui permet de fournir une meilleure exp\u00e9rience utilisateur aux visiteurs.<\/p>\n","protected":false},"author":11,"featured_media":0,"parent":0,"menu_order":0,"comment_status":"closed","ping_status":"closed","template":"","meta":{"footnotes":""},"class_list":["post-49733","page","type-page","status-publish","hentry"],"aioseo_notices":[],"_links":{"self":[{"href":"https:\/\/cannrt.ca\/fr\/wp-json\/wp\/v2\/pages\/49733","targetHints":{"allow":["GET"]}}],"collection":[{"href":"https:\/\/cannrt.ca\/fr\/wp-json\/wp\/v2\/pages"}],"about":[{"href":"https:\/\/cannrt.ca\/fr\/wp-json\/wp\/v2\/types\/page"}],"author":[{"embeddable":true,"href":"https:\/\/cannrt.ca\/fr\/wp-json\/wp\/v2\/users\/11"}],"replies":[{"embeddable":true,"href":"https:\/\/cannrt.ca\/fr\/wp-json\/wp\/v2\/comments?post=49733"}],"version-history":[{"count":15,"href":"https:\/\/cannrt.ca\/fr\/wp-json\/wp\/v2\/pages\/49733\/revisions"}],"predecessor-version":[{"id":50314,"href":"https:\/\/cannrt.ca\/fr\/wp-json\/wp\/v2\/pages\/49733\/revisions\/50314"}],"wp:attachment":[{"href":"https:\/\/cannrt.ca\/fr\/wp-json\/wp\/v2\/media?parent=49733"}],"curies":[{"name":"wp","href":"https:\/\/api.w.org\/{rel}","templated":true}]}}